{"id":239566,"date":"2025-08-20T07:23:52","date_gmt":"2025-08-20T07:23:52","guid":{"rendered":"https:\/\/inst-krim.si\/sentrix\/?page_id=239566"},"modified":"2025-09-19T23:46:43","modified_gmt":"2025-09-19T23:46:43","slug":"239566-2","status":"publish","type":"page","link":"https:\/\/inst-krim.si\/sentrix\/sl\/239566-2\/","title":{"rendered":"Novice"},"content":{"rendered":"<p>[et_pb_section fb_built=&#8221;1&#8243; _builder_version=&#8221;4.27.4&#8243; _module_preset=&#8221;default&#8221; min_height=&#8221;163px&#8221; custom_padding=&#8221;13px||0px|||&#8221; animation_style=&#8221;slide&#8221; animation_direction=&#8221;bottom&#8221; animation_intensity_slide=&#8221;2%&#8221; global_colors_info=&#8221;{}&#8221;][et_pb_row _builder_version=&#8221;4.27.4&#8243; _module_preset=&#8221;default&#8221; width=&#8221;100%&#8221; max_width=&#8221;90%&#8221; custom_margin=&#8221;3px||||false|false&#8221; custom_padding=&#8221;||23px||false|false&#8221; border_radii=&#8221;on|6px|6px|6px|6px&#8221; border_width_top=&#8221;2px&#8221; border_color_top=&#8221;#E02B20&#8243; box_shadow_style=&#8221;preset1&#8243; global_colors_info=&#8221;{}&#8221;][et_pb_column type=&#8221;4_4&#8243; _builder_version=&#8221;4.27.4&#8243; _module_preset=&#8221;default&#8221; global_colors_info=&#8221;{}&#8221;][et_pb_text _builder_version=&#8221;4.27.4&#8243; _module_preset=&#8221;default&#8221; text_font=&#8221;&#8211;et_global_body_font|600|||||||&#8221; text_font_size=&#8221;20px&#8221; header_font=&#8221;Mojca|600|||||||&#8221; custom_margin=&#8221;||5px||false|false&#8221; custom_padding=&#8221;||43px||false|false&#8221; global_colors_info=&#8221;{}&#8221;]<\/p>\n<h1 style=\"text-align: center;\">NOVICE<\/h1>\n<p style=\"text-align: center;\">Bodite na teko\u010dem z najnovej\u0161imi aktivnostmi projekta, vklju\u010dno z delavnicami, konferencami, publikacijami in drugimi novicami.<\/p>\n<p>[\/et_pb_text][\/et_pb_column][\/et_pb_row][\/et_pb_section][et_pb_section fb_built=&#8221;1&#8243; _builder_version=&#8221;4.27.4&#8243; _module_preset=&#8221;default&#8221; background_color=&#8221;RGBA(255,255,255,0)&#8221; custom_margin=&#8221;-11px|||||&#8221; custom_padding=&#8221;68px|||||&#8221; hover_enabled=&#8221;0&#8243; global_colors_info=&#8221;{}&#8221; animation_style=&#8221;slide&#8221; animation_direction=&#8221;bottom&#8221; animation_intensity_slide=&#8221;2%&#8221; sticky_enabled=&#8221;0&#8243;][et_pb_row _builder_version=&#8221;4.27.4&#8243; _module_preset=&#8221;default&#8221; width=&#8221;94%&#8221; max_width=&#8221;1716px&#8221; custom_margin=&#8221;-30px|auto||auto||&#8221; custom_padding=&#8221;21px|||||&#8221; global_colors_info=&#8221;{}&#8221;][et_pb_column type=&#8221;4_4&#8243; _builder_version=&#8221;4.27.4&#8243; _module_preset=&#8221;default&#8221; global_colors_info=&#8221;{}&#8221;][et_pb_blog posts_number=&#8221;12&#8243; include_categories=&#8221;38&#8243; show_categories=&#8221;off&#8221; _builder_version=&#8221;4.27.4&#8243; _module_preset=&#8221;default&#8221; read_more_font=&#8221;Mojca-123-slo|700|||||||&#8221; read_more_text_color=&#8221;#C5310D&#8221; read_more_font_size=&#8221;22px&#8221; read_more_line_height=&#8221;1.9em&#8221; custom_margin=&#8221;-19px|||||&#8221; global_colors_info=&#8221;{%22gcid-828accbb-1ed2-407d-95be-20ab4e191566%22:%91%22border_color_all%22%93,%22gcid-primary-color%22:%91%22meta_text_color%22%93,%22gcid-secondary-color%22:%91%22pagination_text_color%22%93,%22gcid-body-color%22:%91%22body_text_color%22%93,%22gcid-heading-color%22:%91%22header_text_color%22%93}&#8221;][\/et_pb_blog][\/et_pb_column][\/et_pb_row][\/et_pb_section][et_pb_section fb_built=&#8221;1&#8243; admin_label=&#8221;Noga&#8221; _builder_version=&#8221;4.27.4&#8243; _module_preset=&#8221;default&#8221; background_color=&#8221;#dbdbdb&#8221; custom_margin=&#8221;1px||||false|false&#8221; animation_direction=&#8221;bottom&#8221; box_shadow_style=&#8221;preset6&#8243; saved_tabs=&#8221;all&#8221; global_colors_info=&#8221;{}&#8221; global_module=&#8221;239835&#8243; theme_builder_area=&#8221;post_content&#8221;][et_pb_row column_structure=&#8221;1_3,1_3,1_3&#8243; use_custom_gutter=&#8221;on&#8221; gutter_width=&#8221;4&#8243; make_equal=&#8221;on&#8221; _builder_version=&#8221;4.27.4&#8243; _module_preset=&#8221;default&#8221; background_color=&#8221;#ffffff&#8221; width=&#8221;100%&#8221; max_width=&#8221;90%&#8221; custom_margin=&#8221;||||false&#8221; custom_padding=&#8221;|101px||101px|false|true&#8221; animation_style=&#8221;slide&#8221; animation_direction=&#8221;bottom&#8221; animation_duration=&#8221;250ms&#8221; animation_intensity_slide=&#8221;1%&#8221; border_radii=&#8221;on|10px|10px|10px|10px&#8221; border_width_bottom=&#8221;3px&#8221; border_color_bottom=&#8221;#E02B20&#8243; box_shadow_style=&#8221;preset1&#8243; global_colors_info=&#8221;{}&#8221; theme_builder_area=&#8221;post_content&#8221;][et_pb_column type=&#8221;1_3&#8243; _builder_version=&#8221;4.27.4&#8243; _module_preset=&#8221;default&#8221; border_color_all=&#8221;#000000&#8243; border_width_right=&#8221;1px&#8221; border_color_right=&#8221;#D6D6D6&#8243; global_colors_info=&#8221;{}&#8221; theme_builder_area=&#8221;post_content&#8221;][et_pb_blurb use_icon=&#8221;on&#8221; font_icon=&#8221;&#xe090;||divi||400&#8243; icon_color=&#8221;#E02B20&#8243; icon_placement=&#8221;left&#8221; image_icon_width=&#8221;30px&#8221; _builder_version=&#8221;4.27.4&#8243; _module_preset=&#8221;default&#8221; module_alignment=&#8221;left&#8221; custom_margin=&#8221;||11px|||&#8221; global_colors_info=&#8221;{%22gcid-heading-color%22:%91%22header_text_color%22%93,%22gcid-body-color%22:%91%22body_text_color%22%93,%22gcid-primary-color%22:%91%22body_link_text_color%22%93}&#8221; theme_builder_area=&#8221;post_content&#8221;]<\/p>\n<p>+386 1 4203 242<\/p>\n<p>[\/et_pb_blurb][et_pb_blurb use_icon=&#8221;on&#8221; font_icon=&#8221;&#xe010;||divi||400&#8243; icon_color=&#8221;#E02B20&#8243; icon_placement=&#8221;left&#8221; image_icon_width=&#8221;30px&#8221; _builder_version=&#8221;4.27.4&#8243; _module_preset=&#8221;default&#8221; custom_margin=&#8221;||11px|||&#8221; global_colors_info=&#8221;{}&#8221; theme_builder_area=&#8221;post_content&#8221;]<\/p>\n<p>inst.crim@pf.uni-lj.si<\/p>\n<p>[\/et_pb_blurb][et_pb_blurb use_icon=&#8221;on&#8221; font_icon=&#8221;&#xe081;||divi||400&#8243; icon_color=&#8221;#E02B20&#8243; icon_placement=&#8221;left&#8221; image_icon_width=&#8221;30px&#8221; _builder_version=&#8221;4.27.4&#8243; _module_preset=&#8221;default&#8221; global_colors_info=&#8221;{}&#8221; theme_builder_area=&#8221;post_content&#8221;]<\/p>\n<p>In\u0161titut za kriminologijo<br \/>Poljanski nasip 2<br \/>1000 Ljubljana<\/p>\n<p>[\/et_pb_blurb][et_pb_blurb use_icon=&#8221;on&#8221; font_icon=&#8221;&#xf08c;||fa||400&#8243; icon_color=&#8221;#E02B20&#8243; icon_placement=&#8221;left&#8221; image_icon_width=&#8221;30px&#8221; _builder_version=&#8221;4.27.4&#8243; _module_preset=&#8221;default&#8221; body_text_color=&#8221;#000000&#8243; body_link_text_color=&#8221;#000000&#8243; module_alignment=&#8221;left&#8221; custom_margin=&#8221;-24px||11px|||&#8221; locked=&#8221;off&#8221; global_colors_info=&#8221;{%22gcid-body-color%22:%91%22body_text_color%22%93,%22gcid-primary-color%22:%91%22icon_color%22,%22icon_color%22%93}&#8221; theme_builder_area=&#8221;post_content&#8221;]<\/p>\n<p><span style=\"color: #000000;\"><a href=\"https:\/\/www.linkedin.com\/company\/108627450\" style=\"color: #000000;\">sentrixproject<\/a><\/span><\/p>\n<p>[\/et_pb_blurb][\/et_pb_column][et_pb_column type=&#8221;1_3&#8243; _builder_version=&#8221;4.27.4&#8243; _module_preset=&#8221;default&#8221; custom_css_main_element=&#8221;display: flex;||flex-direction: column;||justify-content: center;&#8221; global_colors_info=&#8221;{}&#8221; theme_builder_area=&#8221;post_content&#8221;][et_pb_image src=&#8221;https:\/\/inst-krim.si\/sentrix\/wp-content\/uploads\/2025\/05\/IK-LOGO-2025-SLO.png&#8221; title_text=&#8221;IK-LOGO-2025-SLO&#8221; url=&#8221;https:\/\/www.inst-krim.si\/en\/&#8221; _builder_version=&#8221;4.27.4&#8243; _module_preset=&#8221;default&#8221; width=&#8221;62%&#8221; global_colors_info=&#8221;{}&#8221; theme_builder_area=&#8221;post_content&#8221;][\/et_pb_image][et_pb_image src=&#8221;https:\/\/inst-krim.si\/sentrix\/wp-content\/uploads\/2025\/09\/Logotip-ERC_noga.png&#8221; title_text=&#8221;Logotip ERC_noga&#8221; url=&#8221;https:\/\/erc.europa.eu\/homepage&#8221; _builder_version=&#8221;4.27.4&#8243; _module_preset=&#8221;default&#8221; width=&#8221;62%&#8221; global_colors_info=&#8221;{}&#8221; theme_builder_area=&#8221;post_content&#8221;][\/et_pb_image][\/et_pb_column][et_pb_column type=&#8221;1_3&#8243; _builder_version=&#8221;4.27.4&#8243; _module_preset=&#8221;default&#8221; custom_css_main_element=&#8221;display: flex;||flex-direction: column;||justify-content: center;&#8221; global_colors_info=&#8221;{}&#8221; theme_builder_area=&#8221;post_content&#8221;][et_pb_text _builder_version=&#8221;4.27.4&#8243; _module_preset=&#8221;default&#8221; text_font=&#8221;&#8211;et_global_body_font|&#8211;et_global_body_font_weight|on||||||&#8221; text_font_size=&#8221;-3px&#8221; width=&#8221;136.8%&#8221; custom_margin=&#8221;0px|||-175px|false|false&#8221; global_colors_info=&#8221;{}&#8221; theme_builder_area=&#8221;post_content&#8221;]<\/p>\n<p class=\"p1\">Financira Evropska unija. Izra\u017eena stali\u0161\u010da in mnenja pa so zgolj stali\u0161\u010da avtorja(-jev) in ne odra\u017eajo nujno stali\u0161\u010d Evropske unije ali Evropskega raziskovalnega sveta. Niti Evropska unija niti organ, ki dodeljuje sredstva, ne moreta biti odgovorna zanje.<\/p>\n<p>[\/et_pb_text][\/et_pb_column][\/et_pb_row][\/et_pb_section]<\/p>\n","protected":false},"excerpt":{"rendered":"<p>NOVICE Bodite na teko\u010dem z najnovej\u0161imi aktivnostmi projekta, vklju\u010dno z delavnicami, konferencami, publikacijami in drugimi novicami.+386 1 4203 242inst.crim@pf.uni-lj.siIn\u0161titut za kriminologijoPoljanski nasip 21000 LjubljanasentrixprojectFinancira Evropska unija. Izra\u017eena stali\u0161\u010da in mnenja pa so zgolj stali\u0161\u010da avtorja(-jev) in ne odra\u017eajo nujno stali\u0161\u010d Evropske unije ali Evropskega raziskovalnega sveta. Niti Evropska unija niti organ, ki dodeljuje sredstva, ne [&hellip;]<\/p>\n","protected":false},"author":1,"featured_media":0,"parent":0,"menu_order":0,"comment_status":"closed","ping_status":"closed","template":"","meta":{"_et_pb_use_builder":"on","_et_pb_old_content":"","_et_gb_content_width":"","footnotes":""},"class_list":["post-239566","page","type-page","status-publish","hentry"],"_links":{"self":[{"href":"https:\/\/inst-krim.si\/sentrix\/wp-json\/wp\/v2\/pages\/239566","targetHints":{"allow":["GET"]}}],"collection":[{"href":"https:\/\/inst-krim.si\/sentrix\/wp-json\/wp\/v2\/pages"}],"about":[{"href":"https:\/\/inst-krim.si\/sentrix\/wp-json\/wp\/v2\/types\/page"}],"author":[{"embeddable":true,"href":"https:\/\/inst-krim.si\/sentrix\/wp-json\/wp\/v2\/users\/1"}],"replies":[{"embeddable":true,"href":"https:\/\/inst-krim.si\/sentrix\/wp-json\/wp\/v2\/comments?post=239566"}],"version-history":[{"count":0,"href":"https:\/\/inst-krim.si\/sentrix\/wp-json\/wp\/v2\/pages\/239566\/revisions"}],"wp:attachment":[{"href":"https:\/\/inst-krim.si\/sentrix\/wp-json\/wp\/v2\/media?parent=239566"}],"curies":[{"name":"wp","href":"https:\/\/api.w.org\/{rel}","templated":true}]}}