{"id":239596,"date":"2025-08-20T07:55:12","date_gmt":"2025-08-20T07:55:12","guid":{"rendered":"https:\/\/inst-krim.si\/sentrix\/?page_id=239596"},"modified":"2025-12-17T08:48:35","modified_gmt":"2025-12-17T08:48:35","slug":"znanstveno-gradivo","status":"publish","type":"page","link":"https:\/\/inst-krim.si\/sentrix\/sl\/znanstveno-gradivo\/","title":{"rendered":"Spoznanja"},"content":{"rendered":"\n[et_pb_section fb_built=&#8221;1&#8243; module_id=&#8221;content-b&#8221; _builder_version=&#8221;4.27.4&#8243; _module_preset=&#8221;default&#8221; custom_margin=&#8221;-58px||||false|false&#8221; global_colors_info=&#8221;{}&#8221;][et_pb_row _builder_version=&#8221;4.27.4&#8243; _module_preset=&#8221;default&#8221; width=&#8221;100%&#8221; max_width=&#8221;90%&#8221; custom_margin=&#8221;-55px||||false|false&#8221; custom_padding=&#8221;|20px||20px|false|true&#8221; border_radii=&#8221;on|6px|6px|6px|6px&#8221; border_width_left=&#8221;2px&#8221; border_color_left=&#8221;#E02B20&#8243; box_shadow_style=&#8221;preset1&#8243; global_colors_info=&#8221;{}&#8221;][et_pb_column type=&#8221;4_4&#8243; _builder_version=&#8221;4.27.4&#8243; _module_preset=&#8221;default&#8221; global_colors_info=&#8221;{}&#8221;][et_pb_text _builder_version=&#8221;4.27.4&#8243; _module_preset=&#8221;default&#8221; header_font=&#8221;Mojca|&#8211;et_global_heading_font_weight|||||||&#8221; header_2_font=&#8221;Mojca|&#8211;et_global_heading_font_weight|||||||&#8221; global_colors_info=&#8221;{}&#8221;]<p><span lang=\"SL\">Tukaj lahko skozi projektno gradivo, ki ga je pripravila in izdala raziskovalna skupina Sentrix, spremljate teko\u010de delo in napredek projekta<\/span><span>. Namen je omogo\u010diti vpogled\u00a0<\/span><span lang=\"SL\">in<\/span><span>\u00a0deliti rezultate\u00a0<\/span><span lang=\"SL\">s strokovno<\/span><span>\u00a0in\u00a0<\/span><span lang=\"SL\">splo\u0161no javnostjo<\/span><span>.<\/span><\/p>[\/et_pb_text][\/et_pb_column][\/et_pb_row][\/et_pb_section][et_pb_section fb_built=&#8221;1&#8243; admin_label=&#8221;Naslov Team&#8221; _builder_version=&#8221;4.27.4&#8243; _module_preset=&#8221;default&#8221; custom_padding=&#8221;10px||2px|||&#8221; animation_style=&#8221;slide&#8221; animation_direction=&#8221;bottom&#8221; animation_intensity_slide=&#8221;2%&#8221; locked=&#8221;off&#8221; global_colors_info=&#8221;{}&#8221; theme_builder_area=&#8221;post_content&#8221;][et_pb_row _builder_version=&#8221;4.27.4&#8243; _module_preset=&#8221;default&#8221; width=&#8221;100%&#8221; max_width=&#8221;90%&#8221; custom_margin=&#8221;12px||12px||false|false&#8221; custom_padding=&#8221;||0px||false|false&#8221; border_radii=&#8221;on|6px|6px|6px|6px&#8221; border_color_all=&#8221;#E02B20&#8243; border_width_top=&#8221;2px&#8221; box_shadow_style=&#8221;preset1&#8243; box_shadow_vertical=&#8221;0px&#8221; global_colors_info=&#8221;{}&#8221; theme_builder_area=&#8221;post_content&#8221;][et_pb_column type=&#8221;4_4&#8243; _builder_version=&#8221;4.27.4&#8243; _module_preset=&#8221;default&#8221; global_colors_info=&#8221;{}&#8221; theme_builder_area=&#8221;post_content&#8221;][et_pb_text _builder_version=&#8221;4.27.4&#8243; _module_preset=&#8221;default&#8221; text_font=&#8221;&#8211;et_global_body_font|600|||||||&#8221; text_font_size=&#8221;20px&#8221; header_font=&#8221;Mojca|600|||||||&#8221; header_font_size=&#8221;83px&#8221; custom_padding=&#8221;|20px|31px|20px|false|true&#8221; hover_enabled=&#8221;0&#8243; global_colors_info=&#8221;{}&#8221; theme_builder_area=&#8221;post_content&#8221; sticky_enabled=&#8221;0&#8243;]<h1 style=\"text-align: center;\">Ustvarjalni prebliski<\/h1>\n<p style=\"text-align: center;\"><span>Tu na\u0161e ideje dobijo obliko. Na tem mestu zdru\u017eujemo orodja, vizualizacije in interaktivne rezultate, razvite v okviru projekta: od konceptualnih zemljevidov in simulacij do podatkovno podprtih vizualnih orodij, ki nam omogo\u010dajo, da okolje izrekanja kazni uzremo na nove na\u010dine.<\/span><\/p>[\/et_pb_text][\/et_pb_column][\/et_pb_row][\/et_pb_section][et_pb_section fb_built=&#8221;1&#8243; _builder_version=&#8221;4.27.4&#8243; _module_preset=&#8221;default&#8221; custom_padding=&#8221;29px||25px|||&#8221; global_colors_info=&#8221;{}&#8221; locked=&#8221;off&#8221; theme_builder_area=&#8221;post_content&#8221;][et_pb_row column_structure=&#8221;1_2,1_2&#8243; use_custom_gutter=&#8221;on&#8221; gutter_width=&#8221;1&#8243; make_equal=&#8221;on&#8221; _builder_version=&#8221;4.27.4&#8243; _module_preset=&#8221;default&#8221; custom_padding=&#8221;40px||16px|||&#8221; animation_style=&#8221;slide&#8221; animation_direction=&#8221;bottom&#8221; animation_intensity_slide=&#8221;3%&#8221; border_radii=&#8221;on|8px|8px|8px|8px&#8221; box_shadow_style=&#8221;preset1&#8243; global_colors_info=&#8221;{}&#8221; theme_builder_area=&#8221;post_content&#8221;][et_pb_column type=&#8221;1_2&#8243; _builder_version=&#8221;4.27.4&#8243; _module_preset=&#8221;default&#8221; global_colors_info=&#8221;{}&#8221; theme_builder_area=&#8221;post_content&#8221;][et_pb_button button_url=&#8221;#prispevki&#8221; button_text=&#8221;Prispevki&#8221; button_alignment=&#8221;center&#8221; _builder_version=&#8221;4.27.4&#8243; _module_preset=&#8221;default&#8221; button_text_color=&#8221;#474747&#8243; button_border_width=&#8221;2px&#8221; button_border_radius=&#8221;15px&#8221; button_letter_spacing=&#8221;3px&#8221; button_icon=&#8221;&#x22;||divi||400&#8243; background_layout=&#8221;dark&#8221; custom_margin=&#8221;||18px|||&#8221; custom_padding=&#8221;12px|85px|12px|85px|true|true&#8221; hover_enabled=&#8221;0&#8243; global_colors_info=&#8221;{}&#8221; theme_builder_area=&#8221;post_content&#8221; sticky_enabled=&#8221;0&#8243;][\/et_pb_button][\/et_pb_column][et_pb_column type=&#8221;1_2&#8243; _builder_version=&#8221;4.27.4&#8243; _module_preset=&#8221;default&#8221; global_colors_info=&#8221;{}&#8221; theme_builder_area=&#8221;post_content&#8221;][et_pb_button button_url=&#8221;#razmisleki&#8221; button_text=&#8221;Razmisleki&#8221; button_alignment=&#8221;center&#8221; _builder_version=&#8221;4.27.4&#8243; _module_preset=&#8221;default&#8221; button_text_color=&#8221;#474747&#8243; button_border_width=&#8221;2px&#8221; button_border_radius=&#8221;15px&#8221; button_letter_spacing=&#8221;3px&#8221; button_icon=&#8221;&#x22;||divi||400&#8243; background_layout=&#8221;dark&#8221; custom_padding=&#8221;12px|85px|12px|85px|true|true&#8221; hover_enabled=&#8221;0&#8243; global_colors_info=&#8221;{}&#8221; theme_builder_area=&#8221;post_content&#8221; sticky_enabled=&#8221;0&#8243;][\/et_pb_button][\/et_pb_column][\/et_pb_row][\/et_pb_section][et_pb_section fb_built=&#8221;1&#8243; _builder_version=&#8221;4.27.4&#8243; _module_preset=&#8221;default&#8221; custom_padding=&#8221;24px|||||&#8221; global_colors_info=&#8221;{}&#8221; locked=&#8221;off&#8221; theme_builder_area=&#8221;post_content&#8221;][et_pb_row module_id=&#8221;prispevki&#8221; _builder_version=&#8221;4.27.4&#8243; _module_preset=&#8221;default&#8221; width=&#8221;91%&#8221; max_width=&#8221;100%&#8221; min_height=&#8221;1803.8px&#8221; custom_padding=&#8221;17px|11px||11px|false|true&#8221; animation_style=&#8221;slide&#8221; animation_direction=&#8221;bottom&#8221; animation_intensity_slide=&#8221;2%&#8221; hover_enabled=&#8221;0&#8243; border_radii=&#8221;on|7px|7px|7px|7px&#8221; box_shadow_style=&#8221;preset1&#8243; global_colors_info=&#8221;{}&#8221; theme_builder_area=&#8221;post_content&#8221; sticky_enabled=&#8221;0&#8243;][et_pb_column type=&#8221;4_4&#8243; _builder_version=&#8221;4.27.4&#8243; _module_preset=&#8221;default&#8221; global_colors_info=&#8221;{}&#8221; theme_builder_area=&#8221;post_content&#8221;][et_pb_text _builder_version=&#8221;4.27.4&#8243; _module_preset=&#8221;default&#8221; header_2_font=&#8221;Mojca-123-slo|600|||||||&#8221; custom_padding=&#8221;|||21px|false|false&#8221; header_2_font_size_phone=&#8221;38px&#8221; border_color_all=&#8221;#C5310D&#8221; border_width_bottom=&#8221;2px&#8221; global_colors_info=&#8221;{}&#8221; theme_builder_area=&#8221;post_content&#8221;]<h2>Prispevki<\/h2>[\/et_pb_text][et_pb_text _builder_version=&#8221;4.27.4&#8243; _module_preset=&#8221;default&#8221; custom_padding=&#8221;|||18px|false|false&#8221; global_colors_info=&#8221;{}&#8221; theme_builder_area=&#8221;post_content&#8221;]<p><span>To je na\u0161 akademski odtis. Tukaj so zbrani \u010dlanki, razprave in predstavitve, ki jih je pripravila projektna skupina in ki odra\u017eajo teoretske, empiri\u010dne in metodolo\u0161ke prispevke projekta k raziskovanju kaznovanja.<\/span><\/p>[\/et_pb_text][et_pb_blog include_categories=&#8221;62&#8243; show_date=&#8221;off&#8221; show_categories=&#8221;off&#8221; _builder_version=&#8221;4.27.4&#8243; _module_preset=&#8221;default&#8221; global_colors_info=&#8221;{}&#8221; theme_builder_area=&#8221;post_content&#8221;][\/et_pb_blog][\/et_pb_column][\/et_pb_row][et_pb_row module_id=&#8221;razmisleki&#8221; _builder_version=&#8221;4.27.4&#8243; _module_preset=&#8221;default&#8221; width=&#8221;91%&#8221; max_width=&#8221;100%&#8221; custom_margin=&#8221;33px||-31px||false|false&#8221; custom_padding=&#8221;15px|19px|17px|19px|false|true&#8221; hover_enabled=&#8221;0&#8243; border_radii=&#8221;on|7px|7px|7px|7px&#8221; box_shadow_style=&#8221;preset1&#8243; global_colors_info=&#8221;{}&#8221; theme_builder_area=&#8221;post_content&#8221; sticky_enabled=&#8221;0&#8243;][et_pb_column type=&#8221;4_4&#8243; _builder_version=&#8221;4.27.4&#8243; _module_preset=&#8221;default&#8221; global_colors_info=&#8221;{}&#8221; theme_builder_area=&#8221;post_content&#8221;][et_pb_text _builder_version=&#8221;4.27.4&#8243; _module_preset=&#8221;default&#8221; header_2_font=&#8221;Mojca-123-slo|600|||||||&#8221; custom_margin=&#8221;||22px||false|false&#8221; custom_padding=&#8221;|||21px|false|false&#8221; header_2_font_size_phone=&#8221;30px&#8221; border_color_all=&#8221;#C5310D&#8221; border_width_bottom=&#8221;2px&#8221; global_colors_info=&#8221;{}&#8221; theme_builder_area=&#8221;post_content&#8221;]<h2>Razmisleki<\/h2>[\/et_pb_text][et_pb_text _builder_version=&#8221;4.27.4&#8243; _module_preset=&#8221;default&#8221; custom_margin=&#8221;||53px||false|false&#8221; custom_padding=&#8221;|18px||18px|false|false&#8221; global_colors_info=&#8221;{}&#8221; theme_builder_area=&#8221;post_content&#8221;]<p style=\"text-align: left;\"><span>To so na\u0161e misli v gibanju. To je prostor za eseje, komentarje in blogovske zapise, v katerih raziskujemo vpra\u0161anja, izku\u0161nje in uvide, ki se porajajo sproti, ter ponujamo bolj osebni, razvijajo\u010di se pogled na projekt in njegove teme.<\/span><\/p>[\/et_pb_text][et_pb_blog include_categories=&#8221;64&#8243; excerpt_length=&#8221;200&#8243; show_categories=&#8221;off&#8221; _builder_version=&#8221;4.27.4&#8243; _module_preset=&#8221;default&#8221; global_colors_info=&#8221;{}&#8221; theme_builder_area=&#8221;post_content&#8221;][\/et_pb_blog][\/et_pb_column][\/et_pb_row][\/et_pb_section][et_pb_section fb_built=&#8221;1&#8243; admin_label=&#8221;Noga&#8221; _builder_version=&#8221;4.27.4&#8243; _module_preset=&#8221;default&#8221; background_color=&#8221;#dbdbdb&#8221; custom_margin=&#8221;1px||||false|false&#8221; animation_direction=&#8221;bottom&#8221; box_shadow_style=&#8221;preset6&#8243; global_module=&#8221;239835&#8243; saved_tabs=&#8221;all&#8221; global_colors_info=&#8221;{}&#8221;][et_pb_row column_structure=&#8221;1_3,1_3,1_3&#8243; use_custom_gutter=&#8221;on&#8221; gutter_width=&#8221;4&#8243; make_equal=&#8221;on&#8221; _builder_version=&#8221;4.27.4&#8243; _module_preset=&#8221;default&#8221; background_color=&#8221;#ffffff&#8221; width=&#8221;100%&#8221; max_width=&#8221;90%&#8221; custom_margin=&#8221;||||false&#8221; custom_padding=&#8221;|101px||101px|false|true&#8221; animation_style=&#8221;slide&#8221; animation_direction=&#8221;bottom&#8221; animation_duration=&#8221;250ms&#8221; animation_intensity_slide=&#8221;1%&#8221; border_radii=&#8221;on|10px|10px|10px|10px&#8221; border_width_bottom=&#8221;3px&#8221; border_color_bottom=&#8221;#E02B20&#8243; box_shadow_style=&#8221;preset1&#8243; global_colors_info=&#8221;{}&#8221;][et_pb_column type=&#8221;1_3&#8243; _builder_version=&#8221;4.27.4&#8243; _module_preset=&#8221;default&#8221; border_color_all=&#8221;#000000&#8243; border_width_right=&#8221;1px&#8221; border_color_right=&#8221;#D6D6D6&#8243; global_colors_info=&#8221;{}&#8221;][et_pb_blurb use_icon=&#8221;on&#8221; font_icon=&#8221;&#xe090;||divi||400&#8243; icon_color=&#8221;#E02B20&#8243; icon_placement=&#8221;left&#8221; image_icon_width=&#8221;30px&#8221; _builder_version=&#8221;4.27.4&#8243; _module_preset=&#8221;default&#8221; module_alignment=&#8221;left&#8221; custom_margin=&#8221;||11px|||&#8221; global_colors_info=&#8221;{%22gcid-heading-color%22:%91%22header_text_color%22%93,%22gcid-body-color%22:%91%22body_text_color%22%93,%22gcid-primary-color%22:%91%22body_link_text_color%22%93}&#8221;]<p>+386 1 4203 242<\/p>[\/et_pb_blurb][et_pb_blurb use_icon=&#8221;on&#8221; font_icon=&#8221;&#xe010;||divi||400&#8243; icon_color=&#8221;#E02B20&#8243; icon_placement=&#8221;left&#8221; image_icon_width=&#8221;30px&#8221; _builder_version=&#8221;4.27.4&#8243; _module_preset=&#8221;default&#8221; custom_margin=&#8221;||11px|||&#8221; global_colors_info=&#8221;{}&#8221;]<p>inst.crim@pf.uni-lj.si<\/p>[\/et_pb_blurb][et_pb_blurb use_icon=&#8221;on&#8221; font_icon=&#8221;&#xe081;||divi||400&#8243; icon_color=&#8221;#E02B20&#8243; icon_placement=&#8221;left&#8221; image_icon_width=&#8221;30px&#8221; _builder_version=&#8221;4.27.4&#8243; _module_preset=&#8221;default&#8221; global_colors_info=&#8221;{}&#8221;]<p>In\u0161titut za kriminologijo<br \/>Poljanski nasip 2<br \/>1000 Ljubljana<\/p>[\/et_pb_blurb][et_pb_blurb use_icon=&#8221;on&#8221; font_icon=&#8221;&#xf08c;||fa||400&#8243; icon_color=&#8221;#E02B20&#8243; icon_placement=&#8221;left&#8221; image_icon_width=&#8221;30px&#8221; _builder_version=&#8221;4.27.4&#8243; _module_preset=&#8221;default&#8221; body_text_color=&#8221;#000000&#8243; body_link_text_color=&#8221;#000000&#8243; module_alignment=&#8221;left&#8221; custom_margin=&#8221;-24px||11px|||&#8221; locked=&#8221;off&#8221; global_colors_info=&#8221;{%22gcid-body-color%22:%91%22body_text_color%22%93,%22gcid-primary-color%22:%91%22icon_color%22,%22icon_color%22%93}&#8221;]<p><span style=\"color: #000000;\"><a href=\"https:\/\/www.linkedin.com\/company\/108627450\" style=\"color: #000000;\">sentrixproject<\/a><\/span><\/p>[\/et_pb_blurb][\/et_pb_column][et_pb_column type=&#8221;1_3&#8243; _builder_version=&#8221;4.27.4&#8243; _module_preset=&#8221;default&#8221; custom_css_main_element=&#8221;display: flex;||flex-direction: column;||justify-content: center;&#8221; global_colors_info=&#8221;{}&#8221;][et_pb_image src=&#8221;https:\/\/inst-krim.si\/sentrix\/wp-content\/uploads\/2025\/05\/IK-LOGO-2025-SLO.png&#8221; title_text=&#8221;IK-LOGO-2025-SLO&#8221; url=&#8221;https:\/\/www.inst-krim.si\/en\/&#8221; _builder_version=&#8221;4.27.4&#8243; _module_preset=&#8221;default&#8221; width=&#8221;62%&#8221; global_colors_info=&#8221;{}&#8221;][\/et_pb_image][et_pb_image src=&#8221;https:\/\/inst-krim.si\/sentrix\/wp-content\/uploads\/2025\/09\/Logotip-ERC_noga.png&#8221; title_text=&#8221;Logotip ERC_noga&#8221; url=&#8221;https:\/\/erc.europa.eu\/homepage&#8221; _builder_version=&#8221;4.27.4&#8243; _module_preset=&#8221;default&#8221; width=&#8221;62%&#8221; global_colors_info=&#8221;{}&#8221;][\/et_pb_image][\/et_pb_column][et_pb_column type=&#8221;1_3&#8243; _builder_version=&#8221;4.27.4&#8243; _module_preset=&#8221;default&#8221; custom_css_main_element=&#8221;display: flex;||flex-direction: column;||justify-content: center;&#8221; global_colors_info=&#8221;{}&#8221;][et_pb_text _builder_version=&#8221;4.27.4&#8243; _module_preset=&#8221;default&#8221; text_font=&#8221;&#8211;et_global_body_font|&#8211;et_global_body_font_weight|on||||||&#8221; text_font_size=&#8221;-3px&#8221; width=&#8221;136.8%&#8221; custom_margin=&#8221;0px|||-175px|false|false&#8221; global_colors_info=&#8221;{}&#8221;]<p class=\"p1\">Financira Evropska unija. Izra\u017eena stali\u0161\u010da in mnenja pa so zgolj stali\u0161\u010da avtorja(-jev) in ne odra\u017eajo nujno stali\u0161\u010d Evropske unije ali Evropskega raziskovalnega sveta. Niti Evropska unija niti organ, ki dodeljuje sredstva, ne moreta biti odgovorna zanje.<\/p>[\/et_pb_text][\/et_pb_column][\/et_pb_row][\/et_pb_section][et_pb_section fb_built=&#8221;1&#8243; theme_builder_area=&#8221;post_content&#8221; _builder_version=&#8221;4.27.4&#8243; _module_preset=&#8221;default&#8221;][et_pb_row _builder_version=&#8221;4.27.4&#8243; _module_preset=&#8221;default&#8221; theme_builder_area=&#8221;post_content&#8221;][et_pb_column _builder_version=&#8221;4.27.4&#8243; _module_preset=&#8221;default&#8221; type=&#8221;4_4&#8243; theme_builder_area=&#8221;post_content&#8221;][\/et_pb_column][\/et_pb_row][\/et_pb_section]\n","protected":false},"excerpt":{"rendered":"<p>Tukaj lahko skozi projektno gradivo, ki ga je pripravila in izdala raziskovalna skupina Sentrix, spremljate teko\u010de delo in napredek projekta. Namen je omogo\u010diti vpogled\u00a0in\u00a0deliti rezultate\u00a0s strokovno\u00a0in\u00a0splo\u0161no javnostjo.Ustvarjalni prebliski Tu na\u0161e ideje dobijo obliko. Na tem mestu zdru\u017eujemo orodja, vizualizacije in interaktivne rezultate, razvite v okviru projekta: od konceptualnih zemljevidov in simulacij do podatkovno podprtih vizualnih [&hellip;]<\/p>\n","protected":false},"author":1,"featured_media":0,"parent":0,"menu_order":0,"comment_status":"closed","ping_status":"closed","template":"","meta":{"_et_pb_use_builder":"on","_et_pb_old_content":"","_et_gb_content_width":"","footnotes":""},"class_list":["post-239596","page","type-page","status-publish","hentry"],"_links":{"self":[{"href":"https:\/\/inst-krim.si\/sentrix\/wp-json\/wp\/v2\/pages\/239596","targetHints":{"allow":["GET"]}}],"collection":[{"href":"https:\/\/inst-krim.si\/sentrix\/wp-json\/wp\/v2\/pages"}],"about":[{"href":"https:\/\/inst-krim.si\/sentrix\/wp-json\/wp\/v2\/types\/page"}],"author":[{"embeddable":true,"href":"https:\/\/inst-krim.si\/sentrix\/wp-json\/wp\/v2\/users\/1"}],"replies":[{"embeddable":true,"href":"https:\/\/inst-krim.si\/sentrix\/wp-json\/wp\/v2\/comments?post=239596"}],"version-history":[{"count":0,"href":"https:\/\/inst-krim.si\/sentrix\/wp-json\/wp\/v2\/pages\/239596\/revisions"}],"wp:attachment":[{"href":"https:\/\/inst-krim.si\/sentrix\/wp-json\/wp\/v2\/media?parent=239596"}],"curies":[{"name":"wp","href":"https:\/\/api.w.org\/{rel}","templated":true}]}}