{"id":240513,"date":"2025-12-16T13:19:30","date_gmt":"2025-12-16T13:19:30","guid":{"rendered":"https:\/\/inst-krim.si\/sentrix\/?page_id=240513"},"modified":"2025-12-16T13:20:07","modified_gmt":"2025-12-16T13:20:07","slug":"jakub-drapal-5","status":"publish","type":"page","link":"https:\/\/inst-krim.si\/sentrix\/sl\/jakub-drapal-5\/","title":{"rendered":"Jakub Dr\u00e1pal"},"content":{"rendered":"<p>[et_pb_section fb_built=&#8221;1&#8243; admin_label=&#8221;Naslov Team&#8221; _builder_version=&#8221;4.27.4&#8243; _module_preset=&#8221;default&#8221; custom_padding=&#8221;1px||2px|||&#8221; animation_style=&#8221;slide&#8221; animation_direction=&#8221;bottom&#8221; animation_intensity_slide=&#8221;2%&#8221; locked=&#8221;off&#8221; global_colors_info=&#8221;{}&#8221; theme_builder_area=&#8221;post_content&#8221;][et_pb_row _builder_version=&#8221;4.27.4&#8243; _module_preset=&#8221;default&#8221; width=&#8221;100%&#8221; max_width=&#8221;90%&#8221; custom_margin=&#8221;12px||12px||false|false&#8221; custom_padding=&#8221;||0px||false|false&#8221; border_radii=&#8221;on|6px|6px|6px|6px&#8221; border_color_all=&#8221;#E02B20&#8243; border_width_top=&#8221;2px&#8221; box_shadow_style=&#8221;preset1&#8243; box_shadow_vertical=&#8221;0px&#8221; global_colors_info=&#8221;{}&#8221; theme_builder_area=&#8221;post_content&#8221;][et_pb_column type=&#8221;4_4&#8243; _builder_version=&#8221;4.27.4&#8243; _module_preset=&#8221;default&#8221; global_colors_info=&#8221;{}&#8221; theme_builder_area=&#8221;post_content&#8221;][et_pb_text _builder_version=&#8221;4.27.4&#8243; _module_preset=&#8221;default&#8221; text_font=&#8221;&#8211;et_global_body_font|600|||||||&#8221; text_font_size=&#8221;20px&#8221; header_font=&#8221;Mojca|600|||||||&#8221; header_font_size=&#8221;83px&#8221; custom_margin=&#8221;|10px||10px|false|false&#8221; custom_padding=&#8221;||21px||false|false&#8221; hover_enabled=&#8221;0&#8243; global_colors_info=&#8221;{}&#8221; theme_builder_area=&#8221;post_content&#8221; sticky_enabled=&#8221;0&#8243;]<\/p>\n<h1 style=\"text-align: center;\" id=\"h_90416968031759150298362\"><span>Jakub Drapal<\/span><\/h1>\n<p style=\"font-weight: 400; text-align: center;\"><strong><em>Izredni profesor na Pravni fakulteti Karlove univerze v Pragi<\/em><\/strong><\/p>\n<p>[\/et_pb_text][\/et_pb_column][\/et_pb_row][\/et_pb_section][et_pb_section fb_built=&#8221;1&#8243; admin_label=&#8221;About&#8221; _builder_version=&#8221;4.16&#8243; custom_padding=&#8221;12px|0px|111px|0px||&#8221; global_colors_info=&#8221;{}&#8221; locked=&#8221;off&#8221; theme_builder_area=&#8221;post_content&#8221;][et_pb_row column_structure=&#8221;1_2,1_2&#8243; _builder_version=&#8221;4.16&#8243; custom_margin=&#8221;|||&#8221; global_colors_info=&#8221;{}&#8221; theme_builder_area=&#8221;post_content&#8221;][et_pb_column type=&#8221;1_2&#8243; _builder_version=&#8221;4.16&#8243; custom_padding=&#8221;|||&#8221; global_colors_info=&#8221;{}&#8221; custom_padding__hover=&#8221;|||&#8221; theme_builder_area=&#8221;post_content&#8221;][et_pb_image src=&#8221;https:\/\/inst-krim.si\/sentrix\/wp-content\/uploads\/2025\/11\/Jakub-Drapal-1.png&#8221; title_text=&#8221;Jakub Drapa\u0142&#8221; force_fullwidth=&#8221;on&#8221; align_tablet=&#8221;center&#8221; align_phone=&#8221;&#8221; align_last_edited=&#8221;on|desktop&#8221; _builder_version=&#8221;4.27.4&#8243; animation_style=&#8221;fade&#8221; border_radii=&#8221;on|8px|8px|8px|8px&#8221; global_colors_info=&#8221;{}&#8221; theme_builder_area=&#8221;post_content&#8221;][\/et_pb_image][\/et_pb_column][et_pb_column type=&#8221;1_2&#8243; _builder_version=&#8221;4.16&#8243; custom_padding=&#8221;|||&#8221; global_colors_info=&#8221;{}&#8221; custom_padding__hover=&#8221;|||&#8221; theme_builder_area=&#8221;post_content&#8221;][et_pb_text _builder_version=&#8221;4.27.4&#8243; text_font_size=&#8221;15px&#8221; text_line_height=&#8221;1.8em&#8221; header_font=&#8221;||||||||&#8221; header_2_font=&#8221;Mojca-123-slo||||||||&#8221; header_2_text_color=&#8221;#262f72&#8243; header_2_font_size=&#8221;36px&#8221; header_3_font=&#8221;||||||||&#8221; animation_style=&#8221;slide&#8221; animation_direction=&#8221;top&#8221; animation_intensity_slide=&#8221;5%&#8221; animation_starting_opacity=&#8221;100%&#8221; locked=&#8221;off&#8221; global_colors_info=&#8221;{}&#8221; theme_builder_area=&#8221;post_content&#8221;]<\/p>\n<h2 style=\"text-align: justify;\">O Jakubu<\/h2>\n<p style=\"text-align: justify;\"><span><strong>Dr. Jakub Dr\u00e1pal<\/strong>je izredni profesor na Karlovi univerzi in vodja projekta ERC Starting Grant<em data-start=\"1066\" data-end=\"1093\">Reconstructing Sentencing<\/em>. Njegovo raziskovalno podro\u010dje obsega kaznovanje in kaznovalno politiko, pri \u010demer uporablja predvsem kvantitativne, doktrinarne in primerjalne metode; osredoto\u010da se predvsem na Srednjo in Vzhodno Evropo. \u0160tudiral in delal je na Sorboni, v Cambridgeu, na In\u0161titutu Maxa Plancka v Freiburgu in v Leidnu. Obo\u017euje Slovenijo in je prehodil ve\u010dino slovenskih gorskih verig. V nasprotju z vsemi svojimi prej\u0161njimi obiski In\u0161tituta tokrat s seboj ne prina\u0161a \u0161otora.<\/span><\/p>\n<p>[\/et_pb_text][\/et_pb_column][\/et_pb_row][et_pb_row column_structure=&#8221;1_3,1_3,1_3&#8243; _builder_version=&#8221;4.27.4&#8243; _module_preset=&#8221;default&#8221; custom_padding=&#8221;7px||10px|||&#8221; global_colors_info=&#8221;{}&#8221; theme_builder_area=&#8221;post_content&#8221;][et_pb_column type=&#8221;1_3&#8243; _builder_version=&#8221;4.27.4&#8243; _module_preset=&#8221;default&#8221; global_colors_info=&#8221;{}&#8221; theme_builder_area=&#8221;post_content&#8221;][et_pb_button button_url=&#8221;https:\/\/inst-krim.si\/sentrix\/sl\/torkovo-srecanje-digitalizirani-opisi-kaznivih-dejanj-v-sodbah-in-njihova-uporaba-v-raziskovanju-kaznovanja-stevilne-priloznosti-in-nekaj-tveganj\/&#8221; button_text=&#8221;Ve\u010d o  obisku&#8221; button_alignment=&#8221;left&#8221; _builder_version=&#8221;4.27.4&#8243; _module_preset=&#8221;default&#8221; button_text_color=&#8221;#adadad&#8221; button_bg_color=&#8221;RGBA(255,255,255,0)&#8221; button_border_width=&#8221;2px&#8221; button_border_color=&#8221;#C5310D&#8221; button_icon=&#8221;&#x39;||divi||400&#8243; button_icon_color=&#8221;#C5310D&#8221; background_layout=&#8221;dark&#8221; hover_enabled=&#8221;0&#8243; global_colors_info=&#8221;{}&#8221; theme_builder_area=&#8221;post_content&#8221; sticky_enabled=&#8221;0&#8243;][\/et_pb_button][\/et_pb_column][et_pb_column type=&#8221;1_3&#8243; _builder_version=&#8221;4.27.4&#8243; _module_preset=&#8221;default&#8221; global_colors_info=&#8221;{}&#8221; theme_builder_area=&#8221;post_content&#8221;][\/et_pb_column][et_pb_column type=&#8221;1_3&#8243; _builder_version=&#8221;4.27.4&#8243; _module_preset=&#8221;default&#8221; global_colors_info=&#8221;{}&#8221; theme_builder_area=&#8221;post_content&#8221;][\/et_pb_column][\/et_pb_row][et_pb_row column_structure=&#8221;1_2,1_2&#8243; disabled_on=&#8221;off|off|off&#8221; _builder_version=&#8221;4.27.4&#8243; custom_margin=&#8221;1px|auto||auto||&#8221; global_colors_info=&#8221;{}&#8221; theme_builder_area=&#8221;post_content&#8221;][et_pb_column type=&#8221;1_2&#8243; _builder_version=&#8221;4.16&#8243; custom_padding=&#8221;|||&#8221; global_colors_info=&#8221;{}&#8221; custom_padding__hover=&#8221;|||&#8221; theme_builder_area=&#8221;post_content&#8221;][et_pb_text _builder_version=&#8221;4.27.4&#8243; _module_preset=&#8221;default&#8221; hover_enabled=&#8221;0&#8243; global_colors_info=&#8221;{}&#8221; theme_builder_area=&#8221;post_content&#8221; sticky_enabled=&#8221;0&#8243;]<\/p>\n<p style=\"text-align: justify;\">V tem videoposnetku izredni profesor Jakub Drapal s Karlove univerze v Pragi razpravlja o enem od klju\u010dnih izzivov prava: dejstvu, da se pravo v knjigah pogosto bistveno razlikuje od tega, kako se uporablja in do\u017eivlja v praksi. Govori tudi o svojem novem raziskovalnem projektu ERC in o tem, kako lahko modeli velikih jezikov (LLM) pomagajo pri analizi sodnih odlo\u010ditev in zagotavljajo nove vpoglede v kriminalno vedenje.<\/p>\n<p>[\/et_pb_text][\/et_pb_column][et_pb_column type=&#8221;1_2&#8243; _builder_version=&#8221;4.16&#8243; custom_padding=&#8221;|||&#8221; global_colors_info=&#8221;{}&#8221; custom_padding__hover=&#8221;|||&#8221; theme_builder_area=&#8221;post_content&#8221;][et_pb_video src=&#8221;https:\/\/youtu.be\/BWzrmD6fQsU?si=3XRfqHZXwINPQnPZ&#8221; _builder_version=&#8221;4.27.4&#8243; _module_preset=&#8221;default&#8221; hover_enabled=&#8221;0&#8243; global_colors_info=&#8221;{}&#8221; theme_builder_area=&#8221;post_content&#8221; sticky_enabled=&#8221;0&#8243;][\/et_pb_video][\/et_pb_column][\/et_pb_row][\/et_pb_section]<\/p>\n","protected":false},"excerpt":{"rendered":"<p>Jakub Drapal Izredni profesor na Pravni fakulteti Karlove univerze v PragiO Jakubu Dr. Jakub Dr\u00e1palje izredni profesor na Karlovi univerzi in vodja projekta ERC Starting GrantReconstructing Sentencing. Njegovo raziskovalno podro\u010dje obsega kaznovanje in kaznovalno politiko, pri \u010demer uporablja predvsem kvantitativne, doktrinarne in primerjalne metode; osredoto\u010da se predvsem na Srednjo in Vzhodno Evropo. \u0160tudiral in delal [&hellip;]<\/p>\n","protected":false},"author":1,"featured_media":0,"parent":0,"menu_order":0,"comment_status":"closed","ping_status":"closed","template":"","meta":{"_et_pb_use_builder":"on","_et_pb_old_content":"","_et_gb_content_width":"","footnotes":""},"class_list":["post-240513","page","type-page","status-publish","hentry"],"_links":{"self":[{"href":"https:\/\/inst-krim.si\/sentrix\/wp-json\/wp\/v2\/pages\/240513","targetHints":{"allow":["GET"]}}],"collection":[{"href":"https:\/\/inst-krim.si\/sentrix\/wp-json\/wp\/v2\/pages"}],"about":[{"href":"https:\/\/inst-krim.si\/sentrix\/wp-json\/wp\/v2\/types\/page"}],"author":[{"embeddable":true,"href":"https:\/\/inst-krim.si\/sentrix\/wp-json\/wp\/v2\/users\/1"}],"replies":[{"embeddable":true,"href":"https:\/\/inst-krim.si\/sentrix\/wp-json\/wp\/v2\/comments?post=240513"}],"version-history":[{"count":0,"href":"https:\/\/inst-krim.si\/sentrix\/wp-json\/wp\/v2\/pages\/240513\/revisions"}],"wp:attachment":[{"href":"https:\/\/inst-krim.si\/sentrix\/wp-json\/wp\/v2\/media?parent=240513"}],"curies":[{"name":"wp","href":"https:\/\/api.w.org\/{rel}","templated":true}]}}