{"id":240675,"date":"2026-03-11T11:57:36","date_gmt":"2026-03-11T11:57:36","guid":{"rendered":"https:\/\/inst-krim.si\/sentrix\/?page_id=240675"},"modified":"2026-03-12T06:57:06","modified_gmt":"2026-03-12T06:57:06","slug":"dogodki","status":"publish","type":"page","link":"https:\/\/inst-krim.si\/sentrix\/sl\/dogodki\/","title":{"rendered":"Dogodki"},"content":{"rendered":"<p>[et_pb_section fb_built=&#8221;1&#8243; admin_label=&#8221;Naslov Team&#8221; _builder_version=&#8221;4.27.4&#8243; _module_preset=&#8221;default&#8221; custom_padding=&#8221;10px||2px|||&#8221; animation_style=&#8221;slide&#8221; animation_direction=&#8221;bottom&#8221; animation_intensity_slide=&#8221;2%&#8221; locked=&#8221;off&#8221; global_colors_info=&#8221;{}&#8221;][et_pb_row _builder_version=&#8221;4.27.4&#8243; _module_preset=&#8221;default&#8221; width=&#8221;100%&#8221; max_width=&#8221;90%&#8221; custom_margin=&#8221;12px||12px||false|false&#8221; custom_padding=&#8221;||0px||false|false&#8221; border_radii=&#8221;on|6px|6px|6px|6px&#8221; border_color_all=&#8221;#E02B20&#8243; border_width_top=&#8221;2px&#8221; box_shadow_style=&#8221;preset1&#8243; box_shadow_vertical=&#8221;0px&#8221; global_colors_info=&#8221;{}&#8221;][et_pb_column type=&#8221;4_4&#8243; _builder_version=&#8221;4.27.4&#8243; _module_preset=&#8221;default&#8221; global_colors_info=&#8221;{}&#8221;][et_pb_text _builder_version=&#8221;4.27.4&#8243; _module_preset=&#8221;default&#8221; text_font=&#8221;&#8211;et_global_body_font|600|||||||&#8221; text_font_size=&#8221;20px&#8221; header_font=&#8221;Mojca|600|||||||&#8221; header_font_size=&#8221;83px&#8221; custom_padding=&#8221;|20px|31px|20px|false|true&#8221; global_colors_info=&#8221;{}&#8221;]<\/p>\n<h1 style=\"text-align: center;\">Dogodki<\/h1>\n<p style=\"text-align: center;\"><span>V tem razdelku lahko spremljate sre\u010danja, konference, spletne dogodke in druge aktivnosti, ki jih organizira ekipa Sentrix.<\/span><\/p>\n<p>[\/et_pb_text][\/et_pb_column][\/et_pb_row][\/et_pb_section][et_pb_section fb_built=&#8221;1&#8243; _builder_version=&#8221;4.27.4&#8243; _module_preset=&#8221;default&#8221; custom_padding=&#8221;29px||25px|||&#8221; locked=&#8221;off&#8221; global_colors_info=&#8221;{}&#8221;][et_pb_row column_structure=&#8221;1_2,1_2&#8243; use_custom_gutter=&#8221;on&#8221; gutter_width=&#8221;1&#8243; make_equal=&#8221;on&#8221; _builder_version=&#8221;4.27.4&#8243; _module_preset=&#8221;default&#8221; custom_padding=&#8221;40px||16px|||&#8221; animation_style=&#8221;slide&#8221; animation_direction=&#8221;bottom&#8221; animation_intensity_slide=&#8221;3%&#8221; border_radii=&#8221;on|8px|8px|8px|8px&#8221; box_shadow_style=&#8221;preset1&#8243; global_colors_info=&#8221;{}&#8221;][et_pb_column type=&#8221;1_2&#8243; _builder_version=&#8221;4.27.4&#8243; _module_preset=&#8221;default&#8221; global_colors_info=&#8221;{}&#8221;][et_pb_button button_url=&#8221;#events&#8221; button_text=&#8221;Dogodki&#8221; button_alignment=&#8221;center&#8221; _builder_version=&#8221;4.27.4&#8243; _module_preset=&#8221;default&#8221; button_text_color=&#8221;#474747&#8243; button_border_width=&#8221;2px&#8221; button_border_radius=&#8221;15px&#8221; button_letter_spacing=&#8221;3px&#8221; button_icon=&#8221;&#x22;||divi||400&#8243; background_layout=&#8221;dark&#8221; custom_margin=&#8221;||18px|||&#8221; custom_padding=&#8221;12px|85px|12px|85px|true|true&#8221; global_colors_info=&#8221;{}&#8221;][\/et_pb_button][\/et_pb_column][et_pb_column type=&#8221;1_2&#8243; _builder_version=&#8221;4.27.4&#8243; _module_preset=&#8221;default&#8221; global_colors_info=&#8221;{}&#8221;][et_pb_button button_url=&#8221;#forum&#8221; button_text=&#8221;Sentencing Forum&#8221; button_alignment=&#8221;center&#8221; _builder_version=&#8221;4.27.4&#8243; _module_preset=&#8221;default&#8221; button_text_color=&#8221;#474747&#8243; button_border_width=&#8221;2px&#8221; button_border_radius=&#8221;15px&#8221; button_letter_spacing=&#8221;3px&#8221; button_icon=&#8221;&#x22;||divi||400&#8243; background_layout=&#8221;dark&#8221; custom_padding=&#8221;12px|85px|12px|85px|true|true&#8221; global_colors_info=&#8221;{}&#8221;][\/et_pb_button][\/et_pb_column][\/et_pb_row][\/et_pb_section][et_pb_section fb_built=&#8221;1&#8243; _builder_version=&#8221;4.27.4&#8243; _module_preset=&#8221;default&#8221; locked=&#8221;off&#8221; global_colors_info=&#8221;{}&#8221;][et_pb_row module_id=&#8221;dogodki&#8221; _builder_version=&#8221;4.27.4&#8243; _module_preset=&#8221;default&#8221; global_colors_info=&#8221;{}&#8221;][et_pb_column type=&#8221;4_4&#8243; _builder_version=&#8221;4.27.4&#8243; _module_preset=&#8221;default&#8221; global_colors_info=&#8221;{}&#8221;][et_pb_text _builder_version=&#8221;4.27.4&#8243; _module_preset=&#8221;default&#8221; header_2_font=&#8221;Mojca-123-slo|600|||||||&#8221; custom_padding=&#8221;|||21px|false|false&#8221; header_2_font_size_phone=&#8221;38px&#8221; border_color_all=&#8221;#C5310D&#8221; border_width_bottom=&#8221;2px&#8221; locked=&#8221;off&#8221; global_colors_info=&#8221;{}&#8221;]<\/p>\n<h2>Dogodki<\/h2>\n<p>[\/et_pb_text][et_pb_blog include_categories=&#8221;179,173&#8243; show_date=&#8221;off&#8221; show_categories=&#8221;off&#8221; _builder_version=&#8221;4.27.4&#8243; _module_preset=&#8221;default&#8221; global_colors_info=&#8221;{}&#8221;][\/et_pb_blog][\/et_pb_column][\/et_pb_row][et_pb_row module_id=&#8221;forum&#8221; _builder_version=&#8221;4.27.4&#8243; _module_preset=&#8221;default&#8221; global_colors_info=&#8221;{}&#8221;][et_pb_column type=&#8221;4_4&#8243; _builder_version=&#8221;4.27.4&#8243; _module_preset=&#8221;default&#8221; global_colors_info=&#8221;{}&#8221;][et_pb_text _builder_version=&#8221;4.27.4&#8243; _module_preset=&#8221;default&#8221; header_2_font=&#8221;Mojca-123-slo|600|||||||&#8221; custom_padding=&#8221;|||21px|false|false&#8221; header_2_font_size_phone=&#8221;38px&#8221; border_color_all=&#8221;#C5310D&#8221; border_width_bottom=&#8221;2px&#8221; locked=&#8221;off&#8221; global_colors_info=&#8221;{}&#8221;]<\/p>\n<h2>Sentencing Forum<\/h2>\n<p>[\/et_pb_text][et_pb_text _builder_version=&#8221;4.27.4&#8243; _module_preset=&#8221;default&#8221; custom_margin=&#8221;||53px||false|false&#8221; custom_padding=&#8221;|18px||18px|false|false&#8221; hover_enabled=&#8221;0&#8243; locked=&#8221;off&#8221; global_colors_info=&#8221;{}&#8221; sticky_enabled=&#8221;0&#8243;]<\/p>\n<p style=\"text-align: justify;\">Spletna sre\u010danja <span>za sre\u010devanje raziskovalcev in strokovnjakov s podro\u010dja izrekanja kazenskih sankcij. <\/span><span>Organizirata ga raziskovalna projekta ERC Sentrix in Reconstructing Sentencing. <\/span> <span>Forum ponuja kratka, tematsko osredoto\u010dena sre\u010danja, pri katerih je vsaka seja posve\u010dena enemu izbranemu vpra\u0161anju s podro\u010dja izrekanja kazni.<\/span><\/p>\n<p class=\"isSelectedEnd\" style=\"text-align: justify;\"><span>Sre\u010danja v tem semestru:<\/span><\/p>\n<ul style=\"text-align: justify;\">\n<li class=\"isSelectedEnd\"><span>4. februar: Inovacije v raziskovanju izrekanja kazni<\/span><\/li>\n<li class=\"isSelectedEnd\"><span>4. marec: Smernice za izrekanje kazni v primerjalni perspektivi<\/span><\/li>\n<li class=\"isSelectedEnd\"><span>15. april: Pogovor s sodniki<\/span><\/li>\n<li class=\"isSelectedEnd\"><span>27. maj: Spremljanje sodnega odlo\u010danja pri izrekanju kazni<\/span><\/li>\n<\/ul>\n<ol data-spread=\"false\" start=\"4\" style=\"text-align: justify;\"><\/ol>\n<p style=\"text-align: justify;\"><span>Skupnosti se lahko pridru\u017eite z registracijo na <a href=\"http:\/\/kam.mff.cuni.cz\/mailman3\/postorius\/lists\/sentencing-forum.crime.prf.cuni.cz\/\">povezavi.<\/a><\/span><\/p>\n<p>[\/et_pb_text][et_pb_blog include_categories=&#8221;175&#8243; show_date=&#8221;off&#8221; show_categories=&#8221;off&#8221; _builder_version=&#8221;4.27.4&#8243; _module_preset=&#8221;default&#8221; global_colors_info=&#8221;{}&#8221;][\/et_pb_blog][\/et_pb_column][\/et_pb_row][\/et_pb_section]<\/p>\n","protected":false},"excerpt":{"rendered":"<p>Dogodki V tem razdelku lahko spremljate sre\u010danja, konference, spletne dogodke in druge aktivnosti, ki jih organizira ekipa Sentrix.DogodkiSentencing ForumSpletna sre\u010danja za sre\u010devanje raziskovalcev in strokovnjakov s podro\u010dja izrekanja kazenskih sankcij. Organizirata ga raziskovalna projekta ERC Sentrix in Reconstructing Sentencing. Forum ponuja kratka, tematsko osredoto\u010dena sre\u010danja, pri katerih je vsaka seja posve\u010dena enemu izbranemu vpra\u0161anju s [&hellip;]<\/p>\n","protected":false},"author":1,"featured_media":0,"parent":0,"menu_order":0,"comment_status":"closed","ping_status":"closed","template":"","meta":{"_et_pb_use_builder":"on","_et_pb_old_content":"","_et_gb_content_width":"","footnotes":""},"class_list":["post-240675","page","type-page","status-publish","hentry"],"_links":{"self":[{"href":"https:\/\/inst-krim.si\/sentrix\/wp-json\/wp\/v2\/pages\/240675","targetHints":{"allow":["GET"]}}],"collection":[{"href":"https:\/\/inst-krim.si\/sentrix\/wp-json\/wp\/v2\/pages"}],"about":[{"href":"https:\/\/inst-krim.si\/sentrix\/wp-json\/wp\/v2\/types\/page"}],"author":[{"embeddable":true,"href":"https:\/\/inst-krim.si\/sentrix\/wp-json\/wp\/v2\/users\/1"}],"replies":[{"embeddable":true,"href":"https:\/\/inst-krim.si\/sentrix\/wp-json\/wp\/v2\/comments?post=240675"}],"version-history":[{"count":7,"href":"https:\/\/inst-krim.si\/sentrix\/wp-json\/wp\/v2\/pages\/240675\/revisions"}],"predecessor-version":[{"id":240695,"href":"https:\/\/inst-krim.si\/sentrix\/wp-json\/wp\/v2\/pages\/240675\/revisions\/240695"}],"wp:attachment":[{"href":"https:\/\/inst-krim.si\/sentrix\/wp-json\/wp\/v2\/media?parent=240675"}],"curies":[{"name":"wp","href":"https:\/\/api.w.org\/{rel}","templated":true}]}}